{"id":5169,"date":"2021-12-27T17:45:40","date_gmt":"2021-12-27T16:45:40","guid":{"rendered":"https:\/\/www.marinasbrest.fr\/services-techniques\/"},"modified":"2022-12-21T16:36:53","modified_gmt":"2022-12-21T15:36:53","slug":"technical-services","status":"publish","type":"page","link":"https:\/\/www.marinasbrest.fr\/en\/technical-services\/","title":{"rendered":"Technical services"},"content":{"rendered":"\n<h2 class=\"wp-block-heading\">Aire de car\u00e9nage de la Marina du Ch\u00e2teau&nbsp;<\/h2>\n\n\n\n<p>Avec une surface de 815 m\u00b2, l'aire de car\u00e9nage de la Marina du Ch\u00e2teau, \u00e9quip\u00e9e d\u2019une unit\u00e9 de traitement des eaux de car\u00e9nage, peut accueillir jusqu\u2019\u00e0 20 bateaux. Les hivernages se d\u00e9roulent des vacances de la Toussaint jusqu\u2019aux vacances d\u2019hiver. Les sorties en forfait 72h sont propos\u00e9es \u00e0 partir de la fin des hivernages jusqu\u2019\u00e0 la mi-juin.&nbsp;<\/p>\n\n\n\n<h3 class=\"wp-block-heading\">Attention, tous les travaux de sablage et d'hydrogommage sont strictement interdits <\/h3>\n\n\n\n<ul class=\"wp-block-list\"><li>Capacit\u00e9 maximale de l\u2019\u00e9l\u00e9vateur\u202f: 25 tonnes&nbsp;<\/li><li>Longueur hors-tout maximale : 17.00 m\u00e8tres&nbsp;<\/li><li>Largeur hors-tout maximale\u202f: 4.50 m\u00e8tres&nbsp;<\/li><\/ul>\n\n\n\n<ul class=\"wp-block-list\"><li>Calage sur bers&nbsp;<\/li><li>Bornes d\u2019eau et d\u2019\u00e9lectricit\u00e9 \u00e0 disposition&nbsp;<\/li><li>1 zone \u00e9quip\u00e9e d\u2019une unit\u00e9 de traitement des eaux de car\u00e9nage&nbsp;<\/li><li>D\u00e9ch\u00e8terie batterie, huiles et carburants usag\u00e9s&nbsp;<\/li><\/ul>\n\n\n\n  <div class=\" zipblocs -wrap_btn_flag_left  zip_align_left\">\n     <a class=\"btn_flag_left\" \n        target=\"\"\n        href=\"https:\/\/www.marinasbrest.fr\/en\/simulator-estimate-my-mooring-fees\/\"\n        >\n        <span>Estimer votre tarif<\/span>\n     <\/a>\n  <\/div>\n  \n\n\n<p>Avantages clients annuels et mensuels&nbsp;\u00e0 flots<\/p>\n\n\n\n<ul class=\"wp-block-list\"><li>Gratuit\u00e9 du terre-plein (valable toute l\u2019ann\u00e9e)&nbsp;<\/li><li>Remise de 20 % sur les forfaits 72H&nbsp;&nbsp;<\/li><\/ul>\n\n\n\n<h2 class=\"wp-block-heading\">Aire de car\u00e9nage du Port de plaisance du Moulin Blanc&nbsp;<\/h2>\n\n\n\n<p>Disposant de 15\u202f000 m\u00b2 de terre-plein, r\u00e9partis-en 5 zones, le port de plaisance du Moulin Blanc vous accueille pour les hivernages longs de octobre \u00e0 fin mars. Le reste de l\u2019ann\u00e9e vous pouvez proc\u00e9der \u00e0 l\u2019entretien courant de votre bateau.&nbsp;&nbsp;<\/p>\n\n\n\n<h3 class=\"wp-block-heading\">Attention, tous les travaux de sablage et d'hydrogommage sont strictement interdits <\/h3>\n\n\n\n<ul class=\"wp-block-list\"><li>1 \u00e9l\u00e9vateur capacit\u00e9 35 tonnes&nbsp;<\/li><li>1 \u00e9l\u00e9vateur capacit\u00e9 50 tonnes&nbsp;<\/li><li>Longueur hors-tout maximale\u202f: 18 m\u00e8tres&nbsp;<\/li><li>Largeur hors-tout maximale\u202f: 5.70 m\u00e8tres&nbsp;<\/li><\/ul>\n\n\n\n<ul class=\"wp-block-list\"><li>Calage sur bers (Draught maximum\u202f: 2.20 metres) <\/li><li>Borne d\u2019eau et d\u2019\u00e9lectricit\u00e9 \u00e0 disposition&nbsp;<\/li><li>2 zones \u00e9quip\u00e9es d\u2019unit\u00e9s de traitement des eaux de car\u00e9nage&nbsp;<\/li><li>D\u00e9ch\u00e8terie batterie, huiles et carburants usag\u00e9s&nbsp;<\/li><\/ul>\n\n\n\n  <div class=\" zipblocs -wrap_btn_flag_left  zip_align_left\">\n     <a class=\"btn_flag_left\" \n        target=\"\"\n        href=\"https:\/\/www.marinasbrest.fr\/en\/simulator-estimate-my-mooring-fees\/\"\n        >\n        <span>Estimer votre tarif<\/span>\n     <\/a>\n  <\/div>\n  \n\n\n<p>Avantages clients annuels et mensuels&nbsp;\u00e0 flots<\/p>\n\n\n\n<ul class=\"wp-block-list\"><li>Gratuit\u00e9 du terre-plein (valable toute l\u2019ann\u00e9e)&nbsp;<\/li><li>Remise de 20 % sur les forfaits 72H&nbsp;&nbsp;<\/li><\/ul>\n\n\n\n<figure class=\"wp-block-gallery has-nested-images columns-default is-cropped wp-block-gallery-1 is-layout-flex wp-block-gallery-is-layout-flex\"><\/figure>\n\n\n\n<h2 class=\"wp-block-heading\">Cale de car\u00e9nage port de plaisance du Moulin Blanc&nbsp;<\/h2>\n\n\n\n<p>Cette cale d\u2019une surface totale de 1000 m\u00b2 r\u00e9partis en 2 zones permet aux plaisanciers d\u2019effectuer le car\u00e9nage de leurs bateaux.&nbsp;L\u2019occupation de la zone est limit\u00e9e \u00e0 48h&nbsp;<\/p>\n\n\n\n<p>Le car\u00e9nage peut \u00eatre r\u00e9alis\u00e9 \u00e0 partir de 75 de coefficient de mar\u00e9e.&nbsp;<\/p>\n\n\n\n<div class=\"wp-block-file\"><a id=\"wp-block-file--media-8412abc1-19e7-4265-9fde-06c3303bbfec\" href=\"https:\/\/www.marinasbrest.fr\/wp-content\/uploads\/2022\/02\/Fonctionnement-de-la-cale-de-care\u0301nage.pdf\">Fonctionnement-de-la-cale-de-care\u0301nage<\/a><\/div>\n\n\n\n<p><\/p>\n","protected":false},"excerpt":{"rendered":"","protected":false},"author":1,"featured_media":0,"parent":0,"menu_order":43,"comment_status":"closed","ping_status":"closed","template":"","meta":{"_acf_changed":false,"footnotes":""},"class_list":["post-5169","page","type-page","status-publish","hentry"],"acf":[],"yoast_head":"<!-- This site is optimized with the Yoast SEO plugin v27.6 - https:\/\/yoast.com\/product\/yoast-seo-wordpress\/ -->\n<title>Technical services - Brest Marinas<\/title>\n<meta name=\"robots\" content=\"index, follow, max-snippet:-1, max-image-preview:large, max-video-preview:-1\" \/>\n<link rel=\"canonical\" href=\"https:\/\/www.marinasbrest.fr\/en\/technical-services\/\" \/>\n<meta property=\"og:locale\" content=\"en_US\" \/>\n<meta property=\"og:type\" content=\"article\" \/>\n<meta property=\"og:title\" content=\"Technical services - Brest Marinas\" \/>\n<meta property=\"og:url\" content=\"https:\/\/www.marinasbrest.fr\/en\/technical-services\/\" \/>\n<meta property=\"og:site_name\" content=\"Brest Marinas\" \/>\n<meta property=\"article:publisher\" content=\"https:\/\/www.facebook.com\/marinasbrest\/\" \/>\n<meta property=\"article:modified_time\" content=\"2022-12-21T15:36:53+00:00\" \/>\n<meta name=\"twitter:card\" content=\"summary_large_image\" \/>\n<meta name=\"twitter:label1\" content=\"Est. reading time\" \/>\n\t<meta name=\"twitter:data1\" content=\"2 minutes\" \/>\n<script type=\"application\/ld+json\" class=\"yoast-schema-graph\">{\"@context\":\"https:\\\/\\\/schema.org\",\"@graph\":[{\"@type\":\"WebPage\",\"@id\":\"https:\\\/\\\/www.marinasbrest.fr\\\/en\\\/technical-services\\\/\",\"url\":\"https:\\\/\\\/www.marinasbrest.fr\\\/en\\\/technical-services\\\/\",\"name\":\"Technical services - Brest Marinas\",\"isPartOf\":{\"@id\":\"https:\\\/\\\/www.marinasbrest.fr\\\/en\\\/#website\"},\"datePublished\":\"2021-12-27T16:45:40+00:00\",\"dateModified\":\"2022-12-21T15:36:53+00:00\",\"breadcrumb\":{\"@id\":\"https:\\\/\\\/www.marinasbrest.fr\\\/en\\\/technical-services\\\/#breadcrumb\"},\"inLanguage\":\"en-US\",\"potentialAction\":[{\"@type\":\"ReadAction\",\"target\":[\"https:\\\/\\\/www.marinasbrest.fr\\\/en\\\/technical-services\\\/\"]}]},{\"@type\":\"BreadcrumbList\",\"@id\":\"https:\\\/\\\/www.marinasbrest.fr\\\/en\\\/technical-services\\\/#breadcrumb\",\"itemListElement\":[{\"@type\":\"ListItem\",\"position\":1,\"name\":\"Accueil\",\"item\":\"https:\\\/\\\/www.marinasbrest.fr\\\/en\\\/\"},{\"@type\":\"ListItem\",\"position\":2,\"name\":\"Technical services\"}]},{\"@type\":\"WebSite\",\"@id\":\"https:\\\/\\\/www.marinasbrest.fr\\\/en\\\/#website\",\"url\":\"https:\\\/\\\/www.marinasbrest.fr\\\/en\\\/\",\"name\":\"Brest Marinas\",\"description\":\"Deux marinas pour votre escale dans l&#039;une des plus belles rades du Monde\",\"publisher\":{\"@id\":\"https:\\\/\\\/www.marinasbrest.fr\\\/en\\\/#organization\"},\"potentialAction\":[{\"@type\":\"SearchAction\",\"target\":{\"@type\":\"EntryPoint\",\"urlTemplate\":\"https:\\\/\\\/www.marinasbrest.fr\\\/en\\\/?s={search_term_string}\"},\"query-input\":{\"@type\":\"PropertyValueSpecification\",\"valueRequired\":true,\"valueName\":\"search_term_string\"}}],\"inLanguage\":\"en-US\"},{\"@type\":\"Organization\",\"@id\":\"https:\\\/\\\/www.marinasbrest.fr\\\/en\\\/#organization\",\"name\":\"Les Marinas de Brest\",\"url\":\"https:\\\/\\\/www.marinasbrest.fr\\\/en\\\/\",\"logo\":{\"@type\":\"ImageObject\",\"inLanguage\":\"en-US\",\"@id\":\"https:\\\/\\\/www.marinasbrest.fr\\\/en\\\/#\\\/schema\\\/logo\\\/image\\\/\",\"url\":\"https:\\\/\\\/www.marinasbrest.fr\\\/wp-content\\\/uploads\\\/2021\\\/11\\\/logo.png\",\"contentUrl\":\"https:\\\/\\\/www.marinasbrest.fr\\\/wp-content\\\/uploads\\\/2021\\\/11\\\/logo.png\",\"width\":484,\"height\":484,\"caption\":\"Les Marinas de Brest\"},\"image\":{\"@id\":\"https:\\\/\\\/www.marinasbrest.fr\\\/en\\\/#\\\/schema\\\/logo\\\/image\\\/\"},\"sameAs\":[\"https:\\\/\\\/www.facebook.com\\\/marinasbrest\\\/\"]}]}<\/script>\n<!-- \/ Yoast SEO plugin. -->","yoast_head_json":{"title":"Technical services - Brest Marinas","robots":{"index":"index","follow":"follow","max-snippet":"max-snippet:-1","max-image-preview":"max-image-preview:large","max-video-preview":"max-video-preview:-1"},"canonical":"https:\/\/www.marinasbrest.fr\/en\/technical-services\/","og_locale":"en_US","og_type":"article","og_title":"Technical services - Brest Marinas","og_url":"https:\/\/www.marinasbrest.fr\/en\/technical-services\/","og_site_name":"Brest Marinas","article_publisher":"https:\/\/www.facebook.com\/marinasbrest\/","article_modified_time":"2022-12-21T15:36:53+00:00","twitter_card":"summary_large_image","twitter_misc":{"Est. reading time":"2 minutes"},"schema":{"@context":"https:\/\/schema.org","@graph":[{"@type":"WebPage","@id":"https:\/\/www.marinasbrest.fr\/en\/technical-services\/","url":"https:\/\/www.marinasbrest.fr\/en\/technical-services\/","name":"Technical services - Brest Marinas","isPartOf":{"@id":"https:\/\/www.marinasbrest.fr\/en\/#website"},"datePublished":"2021-12-27T16:45:40+00:00","dateModified":"2022-12-21T15:36:53+00:00","breadcrumb":{"@id":"https:\/\/www.marinasbrest.fr\/en\/technical-services\/#breadcrumb"},"inLanguage":"en-US","potentialAction":[{"@type":"ReadAction","target":["https:\/\/www.marinasbrest.fr\/en\/technical-services\/"]}]},{"@type":"BreadcrumbList","@id":"https:\/\/www.marinasbrest.fr\/en\/technical-services\/#breadcrumb","itemListElement":[{"@type":"ListItem","position":1,"name":"Accueil","item":"https:\/\/www.marinasbrest.fr\/en\/"},{"@type":"ListItem","position":2,"name":"Technical services"}]},{"@type":"WebSite","@id":"https:\/\/www.marinasbrest.fr\/en\/#website","url":"https:\/\/www.marinasbrest.fr\/en\/","name":"Brest Marinas","description":"Deux marinas pour votre escale dans l&#039;une des plus belles rades du Monde","publisher":{"@id":"https:\/\/www.marinasbrest.fr\/en\/#organization"},"potentialAction":[{"@type":"SearchAction","target":{"@type":"EntryPoint","urlTemplate":"https:\/\/www.marinasbrest.fr\/en\/?s={search_term_string}"},"query-input":{"@type":"PropertyValueSpecification","valueRequired":true,"valueName":"search_term_string"}}],"inLanguage":"en-US"},{"@type":"Organization","@id":"https:\/\/www.marinasbrest.fr\/en\/#organization","name":"Les Marinas de Brest","url":"https:\/\/www.marinasbrest.fr\/en\/","logo":{"@type":"ImageObject","inLanguage":"en-US","@id":"https:\/\/www.marinasbrest.fr\/en\/#\/schema\/logo\/image\/","url":"https:\/\/www.marinasbrest.fr\/wp-content\/uploads\/2021\/11\/logo.png","contentUrl":"https:\/\/www.marinasbrest.fr\/wp-content\/uploads\/2021\/11\/logo.png","width":484,"height":484,"caption":"Les Marinas de Brest"},"image":{"@id":"https:\/\/www.marinasbrest.fr\/en\/#\/schema\/logo\/image\/"},"sameAs":["https:\/\/www.facebook.com\/marinasbrest\/"]}]}},"_links":{"self":[{"href":"https:\/\/www.marinasbrest.fr\/en\/wp-json\/wp\/v2\/pages\/5169","targetHints":{"allow":["GET"]}}],"collection":[{"href":"https:\/\/www.marinasbrest.fr\/en\/wp-json\/wp\/v2\/pages"}],"about":[{"href":"https:\/\/www.marinasbrest.fr\/en\/wp-json\/wp\/v2\/types\/page"}],"author":[{"embeddable":true,"href":"https:\/\/www.marinasbrest.fr\/en\/wp-json\/wp\/v2\/users\/1"}],"replies":[{"embeddable":true,"href":"https:\/\/www.marinasbrest.fr\/en\/wp-json\/wp\/v2\/comments?post=5169"}],"version-history":[{"count":3,"href":"https:\/\/www.marinasbrest.fr\/en\/wp-json\/wp\/v2\/pages\/5169\/revisions"}],"predecessor-version":[{"id":5787,"href":"https:\/\/www.marinasbrest.fr\/en\/wp-json\/wp\/v2\/pages\/5169\/revisions\/5787"}],"wp:attachment":[{"href":"https:\/\/www.marinasbrest.fr\/en\/wp-json\/wp\/v2\/media?parent=5169"}],"curies":[{"name":"wp","href":"https:\/\/api.w.org\/{rel}","templated":true}]}}