{"id":5163,"date":"2021-12-28T10:19:40","date_gmt":"2021-12-28T09:19:40","guid":{"rendered":"https:\/\/www.marinasbrest.fr\/mentions-legales\/"},"modified":"2022-12-21T16:37:16","modified_gmt":"2022-12-21T15:37:16","slug":"legal-notices","status":"publish","type":"page","link":"https:\/\/www.marinasbrest.fr\/en\/legal-notices\/","title":{"rendered":"Legal notices"},"content":{"rendered":"\n<h2 class=\"wp-block-heading\">Terms and conditions of use<\/h2>\n\n\n\n<p>Les Marinas de Brest opened this site to provide personal information to its users. No commercial use, even partial, of the data presented therein may be conducted without the prior written consent of Les Marinas de Brest. This page details the legal conditions that apply to each website visitor. The fact of consulting the website implies the unconditional acceptance and application of the specifications of this document.<\/p>\n\n\n\n<h2 class=\"wp-block-heading\">Liability \u2013 liability waiver<\/h2>\n\n\n\n<p>a) Les Marinas de Brest have made every effort to ensure the accuracy of all the information provided on its website. Despite the care taken in choosing the information placed on this site, it is possible that it contains errors, inaccuracies or omissions. The contractual liability of Les Marinas de Brest can in no way be held liable for any occasional and unexpected errors that may occur on the site. Furthermore, the information communicated on this site may be modified and updated without notice.<\/p>\n\n\n\n<p>b) Les Marinas de Brest cannot be held liable for any material or immaterial damage, direct or indirect, whatever the causes (including those that may be caused by the possible spread of viruses or by computer fraud) or consequences resulting from the consultation of this site, its use, the information and the use of the information it contains or even the impossibility of having access to it, with the exception of direct damage resulting from gross or intentional negligence on the part of Les Marinas de Brest.<\/p>\n\n\n\n<p>c) Moreover, the hypertext links placed on this site in order to supplement the information do not engage the responsibility of Les Marinas de Brest because of their content; no more than the content of external sites designating the site by a hypertext link, no control can be exercised by Les Marinas de Brest on these completely independent sites. Any user of the site and hypertext links must protect themselves from viruses which could be spread to them when visiting this site or sites accessible from this site by hypertext links. Les Marinas de Brest do not guarantee that the server hosting the site is virus-free or that a technical problem may occur that could damage the components of the user\u2019s computer or the data that may be stored there. In any event, Les Marinas de Brest or one of its subcontractors cannot be held liable for any damage whatsoever that may occur when connecting to the site.<\/p>\n\n\n\n<h2 class=\"wp-block-heading\">Copyright<\/h2>\n\n\n\n<p>a) The entirety of this site, the presentation and each of the elements, including logos, graphics, photographs, plans, videos, sounds etc., appearing on the site are protected by French and international legislation in force relating to intellectual property and are the exclusive property of Les Marinas de Brest.<\/p>\n\n\n\n<p>b) No licence, nor any right other than that of consulting the \u2018site\u2019 is granted to anyone with regard to intellectual property rights. The reproduction of the documents on the site is authorised for the exclusive purposes of information for personal and private use; any reproduction or any use of copies made for other purposes is expressly prohibited.<\/p>\n\n\n\n<p>c) Use of documents: any information, image, video, advertising campaign etc. are protected as indicated above. These creations are burdened with the rights of third parties (i.e. photographers, models, illustrators, directors etc.) which are the subject of assignments of rights which have been negotiated by mutual agreement. As such, all reproduction, representation and public communication rights including downloadable documents representing creations (posters, press, films etc.) are reserved in this specific context.<\/p>\n\n\n\n<p>No commercial exploitation is authorised and the clauses of paragraphs a, b and c are applicable. Failure to comply with the said clauses and their prohibitions constitutes an infringement which may engage the civil or criminal liability of the infringer.<\/p>\n\n\n\n<h2 class=\"wp-block-heading\">Processing of personal data<\/h2>\n\n\n\n<p>The semi-public company Brest'aim manages the following public facilities: Le Quartz, Le Quartz Congr\u00e8s, Brest Ar\u00e9na, Brest Expo, R\u00efnkla Stadium, Oc\u00e9anopolis, Moulin Blanc and Chateau Marinas, and La Recouvrance. It processes the personal data of its visitors, spectators, users or customers in accordance with the General Data Protection Regulation (GDPR) of April 27, 2016 for the following purposes:<\/p>\n\n\n\n<ul class=\"wp-block-list\"><li>Offering quality services within the facilities<\/li><li>Ensuring the proper management of their services<\/li><li>Providing information about their activities<\/li><li>Responding to requests from different audiences and customers<\/li><\/ul>\n\n\n\n<p>The data is for the exclusive use of Brest'aim, the maximum retention period is 3 years in the context of current exchanges and 11 years after the last commercial transaction. They are not subject to any transfer outside the European Union.<\/p>\n\n\n\n<p>You can request access, rectification or deletion of this data if it does not contravene the regulatory obligations and rights of Brest'aim.<\/p>\n\n\n\n<p>For these procedures or more information, you can also contact the data protection officer at&nbsp;<a href=\"mailto:rgpd@brestaim.fr\">rgpd@brestaim.fr<\/a><\/p>\n\n\n\n<p>If you consider that the use of this data is abusive, you can file a complaint with the CNIL via its website (<a href=\"https:\/\/www.cnil.fr\/fr\/plaintes\">https:\/\/www.cnil.fr\/fr\/plaintes<\/a>).<\/p>\n\n\n\n<h2 class=\"wp-block-heading\">Terms of use<\/h2>\n\n\n\n<p>In order to take full advantage of all the features of the Les Marinas de Brest website, the use of a recent browser (<a href=\"http:\/\/www.microsoft.com\/france\/windows\/products\/winfamily\/ie\/\" target=\"_blank\" rel=\"noreferrer noopener\">Microsoft Internet Explorer<\/a>&nbsp;8+,&nbsp;<a href=\"http:\/\/www.mozilla-europe.org\/fr\/firefox\/\" target=\"_blank\" rel=\"noreferrer noopener\">Mozilla Firefox<\/a>,&nbsp;<a href=\"http:\/\/www.apple.com\/fr\/safari\/\" target=\"_blank\" rel=\"noreferrer noopener\">Apple Safari<\/a>&nbsp;3+ et&nbsp;<a href=\"http:\/\/www.opera.com\/\" target=\"_blank\" rel=\"noreferrer noopener\">Opera<\/a>&nbsp;9+) is strongly recommended (free software).<\/p>\n\n\n\n<p>Some website pages contain:<br>- PDF documents<br>To read these documents you will need&nbsp;<a href=\"http:\/\/get.adobe.com\/fr\/reader\/\" target=\"_blank\" rel=\"noreferrer noopener\">Adobe Reader<\/a>&nbsp;software (free).<\/p>\n\n\n\n<h2 class=\"wp-block-heading\">Credits<\/h2>\n\n\n\n<h3 class=\"wp-block-heading\">Editeur<\/h3>\n\n\n\n<p>Les Marinas de Brest<br>Quai Eric TABARLY<br>29200 BREST<\/p>\n\n\n\n<h3 class=\"wp-block-heading\">Design and multimedia production<\/h3>\n\n\n\n<p>Beable<br>180 rue Kerervern<br>29490 Guipavas<br><\/p>\n\n\n\n<h3 class=\"wp-block-heading\">Web host<\/h3>\n\n\n\n<p>DRI<br>28 rue de Villeneuve \u2013 72650 Saint<br>Saturnin<\/p>\n","protected":false},"excerpt":{"rendered":"","protected":false},"author":1,"featured_media":0,"parent":0,"menu_order":50,"comment_status":"closed","ping_status":"closed","template":"","meta":{"_acf_changed":false,"footnotes":""},"class_list":["post-5163","page","type-page","status-publish","hentry"],"acf":[],"yoast_head":"<!-- This site is optimized with the Yoast SEO plugin v27.4 - https:\/\/yoast.com\/product\/yoast-seo-wordpress\/ -->\n<title>Legal notices - Brest Marinas<\/title>\n<meta name=\"robots\" content=\"index, follow, max-snippet:-1, max-image-preview:large, max-video-preview:-1\" \/>\n<link rel=\"canonical\" href=\"https:\/\/www.marinasbrest.fr\/en\/legal-notices\/\" \/>\n<meta property=\"og:locale\" content=\"en_US\" \/>\n<meta property=\"og:type\" content=\"article\" \/>\n<meta property=\"og:title\" content=\"Legal notices - Brest Marinas\" \/>\n<meta property=\"og:url\" content=\"https:\/\/www.marinasbrest.fr\/en\/legal-notices\/\" \/>\n<meta property=\"og:site_name\" content=\"Brest Marinas\" \/>\n<meta property=\"article:publisher\" content=\"https:\/\/www.facebook.com\/marinasbrest\/\" \/>\n<meta property=\"article:modified_time\" content=\"2022-12-21T15:37:16+00:00\" \/>\n<meta name=\"twitter:card\" content=\"summary_large_image\" \/>\n<meta name=\"twitter:label1\" content=\"Est. reading time\" \/>\n\t<meta name=\"twitter:data1\" content=\"5 minutes\" \/>\n<script type=\"application\/ld+json\" class=\"yoast-schema-graph\">{\"@context\":\"https:\\\/\\\/schema.org\",\"@graph\":[{\"@type\":\"WebPage\",\"@id\":\"https:\\\/\\\/www.marinasbrest.fr\\\/en\\\/legal-notices\\\/\",\"url\":\"https:\\\/\\\/www.marinasbrest.fr\\\/en\\\/legal-notices\\\/\",\"name\":\"Legal notices - Brest Marinas\",\"isPartOf\":{\"@id\":\"https:\\\/\\\/www.marinasbrest.fr\\\/en\\\/#website\"},\"datePublished\":\"2021-12-28T09:19:40+00:00\",\"dateModified\":\"2022-12-21T15:37:16+00:00\",\"breadcrumb\":{\"@id\":\"https:\\\/\\\/www.marinasbrest.fr\\\/en\\\/legal-notices\\\/#breadcrumb\"},\"inLanguage\":\"en-US\",\"potentialAction\":[{\"@type\":\"ReadAction\",\"target\":[\"https:\\\/\\\/www.marinasbrest.fr\\\/en\\\/legal-notices\\\/\"]}]},{\"@type\":\"BreadcrumbList\",\"@id\":\"https:\\\/\\\/www.marinasbrest.fr\\\/en\\\/legal-notices\\\/#breadcrumb\",\"itemListElement\":[{\"@type\":\"ListItem\",\"position\":1,\"name\":\"Accueil\",\"item\":\"https:\\\/\\\/www.marinasbrest.fr\\\/en\\\/\"},{\"@type\":\"ListItem\",\"position\":2,\"name\":\"Legal notices\"}]},{\"@type\":\"WebSite\",\"@id\":\"https:\\\/\\\/www.marinasbrest.fr\\\/en\\\/#website\",\"url\":\"https:\\\/\\\/www.marinasbrest.fr\\\/en\\\/\",\"name\":\"Brest Marinas\",\"description\":\"Deux marinas pour votre escale dans l&#039;une des plus belles rades du Monde\",\"publisher\":{\"@id\":\"https:\\\/\\\/www.marinasbrest.fr\\\/en\\\/#organization\"},\"potentialAction\":[{\"@type\":\"SearchAction\",\"target\":{\"@type\":\"EntryPoint\",\"urlTemplate\":\"https:\\\/\\\/www.marinasbrest.fr\\\/en\\\/?s={search_term_string}\"},\"query-input\":{\"@type\":\"PropertyValueSpecification\",\"valueRequired\":true,\"valueName\":\"search_term_string\"}}],\"inLanguage\":\"en-US\"},{\"@type\":\"Organization\",\"@id\":\"https:\\\/\\\/www.marinasbrest.fr\\\/en\\\/#organization\",\"name\":\"Les Marinas de Brest\",\"url\":\"https:\\\/\\\/www.marinasbrest.fr\\\/en\\\/\",\"logo\":{\"@type\":\"ImageObject\",\"inLanguage\":\"en-US\",\"@id\":\"https:\\\/\\\/www.marinasbrest.fr\\\/en\\\/#\\\/schema\\\/logo\\\/image\\\/\",\"url\":\"https:\\\/\\\/www.marinasbrest.fr\\\/wp-content\\\/uploads\\\/2021\\\/11\\\/logo.png\",\"contentUrl\":\"https:\\\/\\\/www.marinasbrest.fr\\\/wp-content\\\/uploads\\\/2021\\\/11\\\/logo.png\",\"width\":484,\"height\":484,\"caption\":\"Les Marinas de Brest\"},\"image\":{\"@id\":\"https:\\\/\\\/www.marinasbrest.fr\\\/en\\\/#\\\/schema\\\/logo\\\/image\\\/\"},\"sameAs\":[\"https:\\\/\\\/www.facebook.com\\\/marinasbrest\\\/\"]}]}<\/script>\n<!-- \/ Yoast SEO plugin. -->","yoast_head_json":{"title":"Legal notices - Brest Marinas","robots":{"index":"index","follow":"follow","max-snippet":"max-snippet:-1","max-image-preview":"max-image-preview:large","max-video-preview":"max-video-preview:-1"},"canonical":"https:\/\/www.marinasbrest.fr\/en\/legal-notices\/","og_locale":"en_US","og_type":"article","og_title":"Legal notices - Brest Marinas","og_url":"https:\/\/www.marinasbrest.fr\/en\/legal-notices\/","og_site_name":"Brest Marinas","article_publisher":"https:\/\/www.facebook.com\/marinasbrest\/","article_modified_time":"2022-12-21T15:37:16+00:00","twitter_card":"summary_large_image","twitter_misc":{"Est. reading time":"5 minutes"},"schema":{"@context":"https:\/\/schema.org","@graph":[{"@type":"WebPage","@id":"https:\/\/www.marinasbrest.fr\/en\/legal-notices\/","url":"https:\/\/www.marinasbrest.fr\/en\/legal-notices\/","name":"Legal notices - Brest Marinas","isPartOf":{"@id":"https:\/\/www.marinasbrest.fr\/en\/#website"},"datePublished":"2021-12-28T09:19:40+00:00","dateModified":"2022-12-21T15:37:16+00:00","breadcrumb":{"@id":"https:\/\/www.marinasbrest.fr\/en\/legal-notices\/#breadcrumb"},"inLanguage":"en-US","potentialAction":[{"@type":"ReadAction","target":["https:\/\/www.marinasbrest.fr\/en\/legal-notices\/"]}]},{"@type":"BreadcrumbList","@id":"https:\/\/www.marinasbrest.fr\/en\/legal-notices\/#breadcrumb","itemListElement":[{"@type":"ListItem","position":1,"name":"Accueil","item":"https:\/\/www.marinasbrest.fr\/en\/"},{"@type":"ListItem","position":2,"name":"Legal notices"}]},{"@type":"WebSite","@id":"https:\/\/www.marinasbrest.fr\/en\/#website","url":"https:\/\/www.marinasbrest.fr\/en\/","name":"Brest Marinas","description":"Deux marinas pour votre escale dans l&#039;une des plus belles rades du Monde","publisher":{"@id":"https:\/\/www.marinasbrest.fr\/en\/#organization"},"potentialAction":[{"@type":"SearchAction","target":{"@type":"EntryPoint","urlTemplate":"https:\/\/www.marinasbrest.fr\/en\/?s={search_term_string}"},"query-input":{"@type":"PropertyValueSpecification","valueRequired":true,"valueName":"search_term_string"}}],"inLanguage":"en-US"},{"@type":"Organization","@id":"https:\/\/www.marinasbrest.fr\/en\/#organization","name":"Les Marinas de Brest","url":"https:\/\/www.marinasbrest.fr\/en\/","logo":{"@type":"ImageObject","inLanguage":"en-US","@id":"https:\/\/www.marinasbrest.fr\/en\/#\/schema\/logo\/image\/","url":"https:\/\/www.marinasbrest.fr\/wp-content\/uploads\/2021\/11\/logo.png","contentUrl":"https:\/\/www.marinasbrest.fr\/wp-content\/uploads\/2021\/11\/logo.png","width":484,"height":484,"caption":"Les Marinas de Brest"},"image":{"@id":"https:\/\/www.marinasbrest.fr\/en\/#\/schema\/logo\/image\/"},"sameAs":["https:\/\/www.facebook.com\/marinasbrest\/"]}]}},"_links":{"self":[{"href":"https:\/\/www.marinasbrest.fr\/en\/wp-json\/wp\/v2\/pages\/5163","targetHints":{"allow":["GET"]}}],"collection":[{"href":"https:\/\/www.marinasbrest.fr\/en\/wp-json\/wp\/v2\/pages"}],"about":[{"href":"https:\/\/www.marinasbrest.fr\/en\/wp-json\/wp\/v2\/types\/page"}],"author":[{"embeddable":true,"href":"https:\/\/www.marinasbrest.fr\/en\/wp-json\/wp\/v2\/users\/1"}],"replies":[{"embeddable":true,"href":"https:\/\/www.marinasbrest.fr\/en\/wp-json\/wp\/v2\/comments?post=5163"}],"version-history":[{"count":3,"href":"https:\/\/www.marinasbrest.fr\/en\/wp-json\/wp\/v2\/pages\/5163\/revisions"}],"predecessor-version":[{"id":5259,"href":"https:\/\/www.marinasbrest.fr\/en\/wp-json\/wp\/v2\/pages\/5163\/revisions\/5259"}],"wp:attachment":[{"href":"https:\/\/www.marinasbrest.fr\/en\/wp-json\/wp\/v2\/media?parent=5163"}],"curies":[{"name":"wp","href":"https:\/\/api.w.org\/{rel}","templated":true}]}}