{"id":5114,"date":"2021-12-21T10:34:23","date_gmt":"2021-12-21T09:34:23","guid":{"rendered":"https:\/\/www.marinasbrest.fr\/brest-escale-touristique\/escale-loisirs\/"},"modified":"2022-12-21T16:35:05","modified_gmt":"2022-12-21T15:35:05","slug":"brest-leisure-break","status":"publish","type":"page","link":"https:\/\/www.marinasbrest.fr\/en\/brest-tourist-break\/brest-leisure-break\/","title":{"rendered":"Brest, Leisure break"},"content":{"rendered":"\n<p>Visiting Brest also means being able to benefit from a highly varied leisure offer, with something to delight the young and old alike! Whether at sea or on land, everyone can find an activity they love and will be able, at the same time, to discover Brest and its magnificent bay in more detail.<\/p>\n\n\n\n<p>With friends or family, give your vacation a little extra thanks to the many activities available in Brest and the surrounding area!<\/p>\n\n\n\n<h2 class=\"wp-block-heading\">Nautical activities in the Bay of Brest<\/h2>\n\n\n\n<div class=\"wp-block-media-text alignwide has-media-on-the-right is-stacked-on-mobile\"><figure class=\"wp-block-media-text__media\"><img loading=\"lazy\" decoding=\"async\" width=\"1200\" height=\"803\" src=\"https:\/\/www.marinasbrest.fr\/wp-content\/uploads\/2022\/03\/X.Dubois-XLC-OT-Bmo-2-1200x803.jpg\" alt=\"\" class=\"wp-image-2547 size-full\" srcset=\"https:\/\/www.marinasbrest.fr\/wp-content\/uploads\/2022\/03\/X.Dubois-XLC-OT-Bmo-2-1200x803.jpg 1200w, https:\/\/www.marinasbrest.fr\/wp-content\/uploads\/2022\/03\/X.Dubois-XLC-OT-Bmo-2-800x536.jpg 800w, https:\/\/www.marinasbrest.fr\/wp-content\/uploads\/2022\/03\/X.Dubois-XLC-OT-Bmo-2-768x514.jpg 768w, https:\/\/www.marinasbrest.fr\/wp-content\/uploads\/2022\/03\/X.Dubois-XLC-OT-Bmo-2-1900x1272.jpg 1900w, https:\/\/www.marinasbrest.fr\/wp-content\/uploads\/2022\/03\/X.Dubois-XLC-OT-Bmo-2-300x201.jpg 300w, https:\/\/www.marinasbrest.fr\/wp-content\/uploads\/2022\/03\/X.Dubois-XLC-OT-Bmo-2-1536x1028.jpg 1536w, https:\/\/www.marinasbrest.fr\/wp-content\/uploads\/2022\/03\/X.Dubois-XLC-OT-Bmo-2-2048x1371.jpg 2048w\" sizes=\"auto, (max-width: 1200px) 100vw, 1200px\" \/><\/figure><div class=\"wp-block-media-text__content\">\n\n<p class=\"has-medium-font-size\">Brest is an ideal choice for a break on the Atlantic coast. The city is fortunate to have a large beach located at Moulin Blanc. Take advantage of the Breton sun and the calm of the seaside. Refresh yourself with a swim while enjoying an unobstructed view of the Bay of Brest. Children will especially enjoy spending an afternoon at the beach. There is nothing better for a successful family break!<\/p>\n\n<\/div><\/div>\n\n\n\n<div class=\"wp-block-media-text alignwide is-stacked-on-mobile\"><figure class=\"wp-block-media-text__media\"><img loading=\"lazy\" decoding=\"async\" width=\"1200\" height=\"803\" src=\"https:\/\/www.marinasbrest.fr\/wp-content\/uploads\/2022\/03\/X.Dubois-XLC-OT-Bmo-plage-du-Moulin-Blanc-1200x803.jpg\" alt=\"\" class=\"wp-image-2561 size-full\" srcset=\"https:\/\/www.marinasbrest.fr\/wp-content\/uploads\/2022\/03\/X.Dubois-XLC-OT-Bmo-plage-du-Moulin-Blanc-1200x803.jpg 1200w, https:\/\/www.marinasbrest.fr\/wp-content\/uploads\/2022\/03\/X.Dubois-XLC-OT-Bmo-plage-du-Moulin-Blanc-800x536.jpg 800w, https:\/\/www.marinasbrest.fr\/wp-content\/uploads\/2022\/03\/X.Dubois-XLC-OT-Bmo-plage-du-Moulin-Blanc-768x514.jpg 768w, https:\/\/www.marinasbrest.fr\/wp-content\/uploads\/2022\/03\/X.Dubois-XLC-OT-Bmo-plage-du-Moulin-Blanc-1900x1272.jpg 1900w, https:\/\/www.marinasbrest.fr\/wp-content\/uploads\/2022\/03\/X.Dubois-XLC-OT-Bmo-plage-du-Moulin-Blanc-300x201.jpg 300w, https:\/\/www.marinasbrest.fr\/wp-content\/uploads\/2022\/03\/X.Dubois-XLC-OT-Bmo-plage-du-Moulin-Blanc-1536x1028.jpg 1536w, https:\/\/www.marinasbrest.fr\/wp-content\/uploads\/2022\/03\/X.Dubois-XLC-OT-Bmo-plage-du-Moulin-Blanc-2048x1371.jpg 2048w\" sizes=\"auto, (max-width: 1200px) 100vw, 1200px\" \/><\/figure><div class=\"wp-block-media-text__content\">\n\n<p>Take advantage of one of the most beautiful bays in the world to enjoy some nautical activities! In Brest, you can learn to sail in different craft: Optimists for children, catamarans or dinghies for teenagers and adults, not to mention stand-up paddle boards and kayaks.<\/p>\n\n\n<p>You can also find motorboats and sailboats for hire, allowing you to enjoy the freedom of the seas.<\/p>\n\n<\/div><\/div>\n\n\n\n<div class=\"wp-block-media-text alignwide has-media-on-the-right is-stacked-on-mobile\"><figure class=\"wp-block-media-text__media\"><img loading=\"lazy\" decoding=\"async\" width=\"1200\" height=\"899\" src=\"https:\/\/www.marinasbrest.fr\/wp-content\/uploads\/2022\/03\/steve-jouveaux-N7_0AzSDL1w-unsplash-1200x899.jpg\" alt=\"\" class=\"wp-image-2582 size-full\" srcset=\"https:\/\/www.marinasbrest.fr\/wp-content\/uploads\/2022\/03\/steve-jouveaux-N7_0AzSDL1w-unsplash-1200x899.jpg 1200w, https:\/\/www.marinasbrest.fr\/wp-content\/uploads\/2022\/03\/steve-jouveaux-N7_0AzSDL1w-unsplash-800x599.jpg 800w, https:\/\/www.marinasbrest.fr\/wp-content\/uploads\/2022\/03\/steve-jouveaux-N7_0AzSDL1w-unsplash-768x575.jpg 768w, https:\/\/www.marinasbrest.fr\/wp-content\/uploads\/2022\/03\/steve-jouveaux-N7_0AzSDL1w-unsplash-1900x1424.jpg 1900w, https:\/\/www.marinasbrest.fr\/wp-content\/uploads\/2022\/03\/steve-jouveaux-N7_0AzSDL1w-unsplash-300x225.jpg 300w, https:\/\/www.marinasbrest.fr\/wp-content\/uploads\/2022\/03\/steve-jouveaux-N7_0AzSDL1w-unsplash-1536x1151.jpg 1536w, https:\/\/www.marinasbrest.fr\/wp-content\/uploads\/2022\/03\/steve-jouveaux-N7_0AzSDL1w-unsplash-2048x1535.jpg 2048w\" sizes=\"auto, (max-width: 1200px) 100vw, 1200px\" \/><\/figure><div class=\"wp-block-media-text__content\">\n\n<p class=\"has-medium-font-size\">Want to explore beyond the Bay of Brest? Board a passenger boat and set off to explore the islands of Ouessant and Mol\u00e8ne. Time stands still on these little jewels of the Iroise Marine Natural Park, and the landscapes are breath-taking. Immerse yourself for a day on these picturesque Breton islands.<\/p>\n\n<\/div><\/div>\n\n\n\n<h2 class=\"wp-block-heading\">Leisure parks in Brest and the area<\/h2>\n\n\n\n<div class=\"wp-block-media-text alignwide is-stacked-on-mobile\"><figure class=\"wp-block-media-text__media\"><img loading=\"lazy\" decoding=\"async\" width=\"1200\" height=\"800\" src=\"https:\/\/www.marinasbrest.fr\/wp-content\/uploads\/2022\/03\/liz-sanchez-vegas-95RpzJy8ry4-unsplash-1200x800.jpg\" alt=\"\" class=\"wp-image-2595 size-full\" srcset=\"https:\/\/www.marinasbrest.fr\/wp-content\/uploads\/2022\/03\/liz-sanchez-vegas-95RpzJy8ry4-unsplash-1200x800.jpg 1200w, https:\/\/www.marinasbrest.fr\/wp-content\/uploads\/2022\/03\/liz-sanchez-vegas-95RpzJy8ry4-unsplash-800x533.jpg 800w, https:\/\/www.marinasbrest.fr\/wp-content\/uploads\/2022\/03\/liz-sanchez-vegas-95RpzJy8ry4-unsplash-768x512.jpg 768w, https:\/\/www.marinasbrest.fr\/wp-content\/uploads\/2022\/03\/liz-sanchez-vegas-95RpzJy8ry4-unsplash-1900x1267.jpg 1900w, https:\/\/www.marinasbrest.fr\/wp-content\/uploads\/2022\/03\/liz-sanchez-vegas-95RpzJy8ry4-unsplash-300x200.jpg 300w, https:\/\/www.marinasbrest.fr\/wp-content\/uploads\/2022\/03\/liz-sanchez-vegas-95RpzJy8ry4-unsplash-1536x1024.jpg 1536w, https:\/\/www.marinasbrest.fr\/wp-content\/uploads\/2022\/03\/liz-sanchez-vegas-95RpzJy8ry4-unsplash-2048x1365.jpg 2048w\" sizes=\"auto, (max-width: 1200px) 100vw, 1200px\" \/><\/figure><div class=\"wp-block-media-text__content\">\n\n<p class=\"has-medium-font-size\">There is no lack of things to do on land either! Young and old can learn while having fun at <a href=\"https:\/\/www.oceanopolis.com\/\" target=\"_blank\" rel=\"noreferrer noopener\">Oc\u00e9anopolis<\/a>, the Stang-Alar botanical garden and the Sav\u00e9ol <a href=\"https:\/\/www.saveol.com\/fr\/la-ferme-aux-insectes.html\" target=\"_blank\" rel=\"noreferrer noopener\">insect farm<\/a>.<\/p>\n\n\n<p class=\"has-medium-font-size\">For thrill seekers, the La R\u00e9cr\u00e9 des Trois Cur\u00e9s leisure park is perfect with its rides and attractions designed for different age groups.<\/p>\n\n\n<p class=\"has-medium-font-size\">If you want to take to the skies, visit the Dirinon FunPark for a tree-top climbing adventure!<\/p>\n\n<\/div><\/div>\n\n\n\n  <div class=\" zipblocs -wrap_btn_flag_left  zip_align_left\">\n     <a class=\"btn_flag_left\" \n        target=\"\"\n        href=\"https:\/\/www.marinasbrest.fr\/en\/brest-tourist-break\/\"\n        >\n        <span>Discover Brest<\/span>\n     <\/a>\n  <\/div>\n  \n\n  <div class=\"acf_block__liste_liens\">\n\n     <h2>Read more<\/h2>\n\n     <ul class=\"wrap_links\">\n       \n                      <li class=\"wrap_link int_link\">\n               <a href=\"https:\/\/www.marinasbrest.fr\/en\/brest-tourist-break\/brest-nature-break\/\">\n                  <i class=\"i_svg\"><svg width=\"100%\" height=\"100%\" viewBox=\"0 0 22 12\" version=\"1.1\" xmlns=\"http:\/\/www.w3.org\/2000\/svg\" xmlns:xlink=\"http:\/\/www.w3.org\/1999\/xlink\" xml:space=\"preserve\" style=\"fill-rule:evenodd;clip-rule:evenodd;stroke-linecap:round;stroke-linejoin:round;\">\n    <g transform=\"matrix(1,0,0,1,-0.33543,-0.48422)\">\n        <g id=\"Group-24\" transform=\"matrix(1,0,0,1,0.83543,1.48422)\">\n            <g id=\"Line\" transform=\"matrix(1,0,0,1,0,4)\">\n                <path d=\"M0.5,0.5L17.5,0.5\" style=\"fill:none;stroke:#fff;stroke-width:2px;\"\/>\n            <\/g>\n            <g id=\"Path-3\" transform=\"matrix(1,0,0,1,14.5,0)\">\n                <path d=\"M0,0L5.329,4.5L0,9.032\" style=\"fill:none;stroke:#fff;stroke-width:2px;\"\/>\n            <\/g>\n        <\/g>\n    <\/g>\n<\/svg>\n<\/i>\n                  Brest, Nature break               <\/a>\n            <\/li>\n            \n        \n                      <li class=\"wrap_link int_link\">\n               <a href=\"https:\/\/www.marinasbrest.fr\/en\/brest-tourist-break\/brest-gourmet-break\/\">\n                  <i class=\"i_svg\"><svg width=\"100%\" height=\"100%\" viewBox=\"0 0 22 12\" version=\"1.1\" xmlns=\"http:\/\/www.w3.org\/2000\/svg\" xmlns:xlink=\"http:\/\/www.w3.org\/1999\/xlink\" xml:space=\"preserve\" style=\"fill-rule:evenodd;clip-rule:evenodd;stroke-linecap:round;stroke-linejoin:round;\">\n    <g transform=\"matrix(1,0,0,1,-0.33543,-0.48422)\">\n        <g id=\"Group-24\" transform=\"matrix(1,0,0,1,0.83543,1.48422)\">\n            <g id=\"Line\" transform=\"matrix(1,0,0,1,0,4)\">\n                <path d=\"M0.5,0.5L17.5,0.5\" style=\"fill:none;stroke:#fff;stroke-width:2px;\"\/>\n            <\/g>\n            <g id=\"Path-3\" transform=\"matrix(1,0,0,1,14.5,0)\">\n                <path d=\"M0,0L5.329,4.5L0,9.032\" style=\"fill:none;stroke:#fff;stroke-width:2px;\"\/>\n            <\/g>\n        <\/g>\n    <\/g>\n<\/svg>\n<\/i>\n                  Brest, Gourmet break               <\/a>\n            <\/li>\n            \n        \n                      <li class=\"wrap_link int_link\">\n               <a href=\"https:\/\/www.marinasbrest.fr\/en\/brest-tourist-break\/brest-cultural-break\/\">\n                  <i class=\"i_svg\"><svg width=\"100%\" height=\"100%\" viewBox=\"0 0 22 12\" version=\"1.1\" xmlns=\"http:\/\/www.w3.org\/2000\/svg\" xmlns:xlink=\"http:\/\/www.w3.org\/1999\/xlink\" xml:space=\"preserve\" style=\"fill-rule:evenodd;clip-rule:evenodd;stroke-linecap:round;stroke-linejoin:round;\">\n    <g transform=\"matrix(1,0,0,1,-0.33543,-0.48422)\">\n        <g id=\"Group-24\" transform=\"matrix(1,0,0,1,0.83543,1.48422)\">\n            <g id=\"Line\" transform=\"matrix(1,0,0,1,0,4)\">\n                <path d=\"M0.5,0.5L17.5,0.5\" style=\"fill:none;stroke:#fff;stroke-width:2px;\"\/>\n            <\/g>\n            <g id=\"Path-3\" transform=\"matrix(1,0,0,1,14.5,0)\">\n                <path d=\"M0,0L5.329,4.5L0,9.032\" style=\"fill:none;stroke:#fff;stroke-width:2px;\"\/>\n            <\/g>\n        <\/g>\n    <\/g>\n<\/svg>\n<\/i>\n                  Brest, Cultural break               <\/a>\n            <\/li>\n            \n        \n     <\/ul>\n  <\/div>\n  ","protected":false},"excerpt":{"rendered":"<p><span style=\"font-weight: 400;\">At sea or on land, recharge your senses through the various leisure activities offered in Brest. Have fun at \u2018the end of the world\u2019 with friends or family and discover some of the many facets of the city.<\/span><\/p>\n","protected":false},"author":1,"featured_media":1037,"parent":2393,"menu_order":23,"comment_status":"closed","ping_status":"closed","template":"","meta":{"_acf_changed":false,"footnotes":""},"class_list":["post-5114","page","type-page","status-publish","has-post-thumbnail","hentry"],"acf":[],"yoast_head":"<!-- This site is optimized with the Yoast SEO plugin v27.3 - https:\/\/yoast.com\/product\/yoast-seo-wordpress\/ -->\n<title>Brest, Leisure break - Brest Marinas<\/title>\n<meta name=\"robots\" content=\"index, follow, max-snippet:-1, max-image-preview:large, max-video-preview:-1\" \/>\n<link rel=\"canonical\" href=\"https:\/\/www.marinasbrest.fr\/en\/brest-tourist-break\/brest-leisure-break\/\" \/>\n<meta property=\"og:locale\" content=\"en_US\" \/>\n<meta property=\"og:type\" content=\"article\" \/>\n<meta property=\"og:title\" content=\"Brest, Leisure break - Brest Marinas\" \/>\n<meta property=\"og:description\" content=\"At sea or on land, recharge your senses through the various leisure activities offered in Brest. Have fun at \u2018the end of the world\u2019 with friends or family and discover some of the many facets of the city.\" \/>\n<meta property=\"og:url\" content=\"https:\/\/www.marinasbrest.fr\/en\/brest-tourist-break\/brest-leisure-break\/\" \/>\n<meta property=\"og:site_name\" content=\"Brest Marinas\" \/>\n<meta property=\"article:publisher\" content=\"https:\/\/www.facebook.com\/marinasbrest\/\" \/>\n<meta property=\"article:modified_time\" content=\"2022-12-21T15:35:05+00:00\" \/>\n<meta property=\"og:image\" content=\"https:\/\/www.marinasbrest.fr\/wp-content\/uploads\/2022\/01\/plage-du-moulin-blanc-brest-1.jpeg\" \/>\n\t<meta property=\"og:image:width\" content=\"1800\" \/>\n\t<meta property=\"og:image:height\" content=\"1200\" \/>\n\t<meta property=\"og:image:type\" content=\"image\/jpeg\" \/>\n<meta name=\"twitter:card\" content=\"summary_large_image\" \/>\n<meta name=\"twitter:label1\" content=\"Est. reading time\" \/>\n\t<meta name=\"twitter:data1\" content=\"3 minutes\" \/>\n<script type=\"application\/ld+json\" class=\"yoast-schema-graph\">{\"@context\":\"https:\\\/\\\/schema.org\",\"@graph\":[{\"@type\":\"WebPage\",\"@id\":\"https:\\\/\\\/www.marinasbrest.fr\\\/en\\\/brest-tourist-break\\\/brest-leisure-break\\\/\",\"url\":\"https:\\\/\\\/www.marinasbrest.fr\\\/en\\\/brest-tourist-break\\\/brest-leisure-break\\\/\",\"name\":\"Brest, Leisure break - Brest Marinas\",\"isPartOf\":{\"@id\":\"https:\\\/\\\/www.marinasbrest.fr\\\/en\\\/#website\"},\"primaryImageOfPage\":{\"@id\":\"https:\\\/\\\/www.marinasbrest.fr\\\/en\\\/brest-tourist-break\\\/brest-leisure-break\\\/#primaryimage\"},\"image\":{\"@id\":\"https:\\\/\\\/www.marinasbrest.fr\\\/en\\\/brest-tourist-break\\\/brest-leisure-break\\\/#primaryimage\"},\"thumbnailUrl\":\"https:\\\/\\\/www.marinasbrest.fr\\\/wp-content\\\/uploads\\\/2022\\\/01\\\/plage-du-moulin-blanc-brest-1.jpeg\",\"datePublished\":\"2021-12-21T09:34:23+00:00\",\"dateModified\":\"2022-12-21T15:35:05+00:00\",\"breadcrumb\":{\"@id\":\"https:\\\/\\\/www.marinasbrest.fr\\\/en\\\/brest-tourist-break\\\/brest-leisure-break\\\/#breadcrumb\"},\"inLanguage\":\"en-US\",\"potentialAction\":[{\"@type\":\"ReadAction\",\"target\":[\"https:\\\/\\\/www.marinasbrest.fr\\\/en\\\/brest-tourist-break\\\/brest-leisure-break\\\/\"]}]},{\"@type\":\"ImageObject\",\"inLanguage\":\"en-US\",\"@id\":\"https:\\\/\\\/www.marinasbrest.fr\\\/en\\\/brest-tourist-break\\\/brest-leisure-break\\\/#primaryimage\",\"url\":\"https:\\\/\\\/www.marinasbrest.fr\\\/wp-content\\\/uploads\\\/2022\\\/01\\\/plage-du-moulin-blanc-brest-1.jpeg\",\"contentUrl\":\"https:\\\/\\\/www.marinasbrest.fr\\\/wp-content\\\/uploads\\\/2022\\\/01\\\/plage-du-moulin-blanc-brest-1.jpeg\",\"width\":1800,\"height\":1200},{\"@type\":\"BreadcrumbList\",\"@id\":\"https:\\\/\\\/www.marinasbrest.fr\\\/en\\\/brest-tourist-break\\\/brest-leisure-break\\\/#breadcrumb\",\"itemListElement\":[{\"@type\":\"ListItem\",\"position\":1,\"name\":\"Accueil\",\"item\":\"https:\\\/\\\/www.marinasbrest.fr\\\/en\\\/\"},{\"@type\":\"ListItem\",\"position\":2,\"name\":\"Brest, tourist break\",\"item\":\"https:\\\/\\\/www.marinasbrest.fr\\\/en\\\/brest-tourist-break\\\/\"},{\"@type\":\"ListItem\",\"position\":3,\"name\":\"Brest, Leisure break\"}]},{\"@type\":\"WebSite\",\"@id\":\"https:\\\/\\\/www.marinasbrest.fr\\\/en\\\/#website\",\"url\":\"https:\\\/\\\/www.marinasbrest.fr\\\/en\\\/\",\"name\":\"Brest Marinas\",\"description\":\"Deux marinas pour votre escale dans l&#039;une des plus belles rades du Monde\",\"publisher\":{\"@id\":\"https:\\\/\\\/www.marinasbrest.fr\\\/en\\\/#organization\"},\"potentialAction\":[{\"@type\":\"SearchAction\",\"target\":{\"@type\":\"EntryPoint\",\"urlTemplate\":\"https:\\\/\\\/www.marinasbrest.fr\\\/en\\\/?s={search_term_string}\"},\"query-input\":{\"@type\":\"PropertyValueSpecification\",\"valueRequired\":true,\"valueName\":\"search_term_string\"}}],\"inLanguage\":\"en-US\"},{\"@type\":\"Organization\",\"@id\":\"https:\\\/\\\/www.marinasbrest.fr\\\/en\\\/#organization\",\"name\":\"Les Marinas de Brest\",\"url\":\"https:\\\/\\\/www.marinasbrest.fr\\\/en\\\/\",\"logo\":{\"@type\":\"ImageObject\",\"inLanguage\":\"en-US\",\"@id\":\"https:\\\/\\\/www.marinasbrest.fr\\\/en\\\/#\\\/schema\\\/logo\\\/image\\\/\",\"url\":\"https:\\\/\\\/www.marinasbrest.fr\\\/wp-content\\\/uploads\\\/2021\\\/11\\\/logo.png\",\"contentUrl\":\"https:\\\/\\\/www.marinasbrest.fr\\\/wp-content\\\/uploads\\\/2021\\\/11\\\/logo.png\",\"width\":484,\"height\":484,\"caption\":\"Les Marinas de Brest\"},\"image\":{\"@id\":\"https:\\\/\\\/www.marinasbrest.fr\\\/en\\\/#\\\/schema\\\/logo\\\/image\\\/\"},\"sameAs\":[\"https:\\\/\\\/www.facebook.com\\\/marinasbrest\\\/\"]}]}<\/script>\n<!-- \/ Yoast SEO plugin. -->","yoast_head_json":{"title":"Brest, Leisure break - Brest Marinas","robots":{"index":"index","follow":"follow","max-snippet":"max-snippet:-1","max-image-preview":"max-image-preview:large","max-video-preview":"max-video-preview:-1"},"canonical":"https:\/\/www.marinasbrest.fr\/en\/brest-tourist-break\/brest-leisure-break\/","og_locale":"en_US","og_type":"article","og_title":"Brest, Leisure break - Brest Marinas","og_description":"At sea or on land, recharge your senses through the various leisure activities offered in Brest. Have fun at \u2018the end of the world\u2019 with friends or family and discover some of the many facets of the city.","og_url":"https:\/\/www.marinasbrest.fr\/en\/brest-tourist-break\/brest-leisure-break\/","og_site_name":"Brest Marinas","article_publisher":"https:\/\/www.facebook.com\/marinasbrest\/","article_modified_time":"2022-12-21T15:35:05+00:00","og_image":[{"width":1800,"height":1200,"url":"https:\/\/www.marinasbrest.fr\/wp-content\/uploads\/2022\/01\/plage-du-moulin-blanc-brest-1.jpeg","type":"image\/jpeg"}],"twitter_card":"summary_large_image","twitter_misc":{"Est. reading time":"3 minutes"},"schema":{"@context":"https:\/\/schema.org","@graph":[{"@type":"WebPage","@id":"https:\/\/www.marinasbrest.fr\/en\/brest-tourist-break\/brest-leisure-break\/","url":"https:\/\/www.marinasbrest.fr\/en\/brest-tourist-break\/brest-leisure-break\/","name":"Brest, Leisure break - Brest Marinas","isPartOf":{"@id":"https:\/\/www.marinasbrest.fr\/en\/#website"},"primaryImageOfPage":{"@id":"https:\/\/www.marinasbrest.fr\/en\/brest-tourist-break\/brest-leisure-break\/#primaryimage"},"image":{"@id":"https:\/\/www.marinasbrest.fr\/en\/brest-tourist-break\/brest-leisure-break\/#primaryimage"},"thumbnailUrl":"https:\/\/www.marinasbrest.fr\/wp-content\/uploads\/2022\/01\/plage-du-moulin-blanc-brest-1.jpeg","datePublished":"2021-12-21T09:34:23+00:00","dateModified":"2022-12-21T15:35:05+00:00","breadcrumb":{"@id":"https:\/\/www.marinasbrest.fr\/en\/brest-tourist-break\/brest-leisure-break\/#breadcrumb"},"inLanguage":"en-US","potentialAction":[{"@type":"ReadAction","target":["https:\/\/www.marinasbrest.fr\/en\/brest-tourist-break\/brest-leisure-break\/"]}]},{"@type":"ImageObject","inLanguage":"en-US","@id":"https:\/\/www.marinasbrest.fr\/en\/brest-tourist-break\/brest-leisure-break\/#primaryimage","url":"https:\/\/www.marinasbrest.fr\/wp-content\/uploads\/2022\/01\/plage-du-moulin-blanc-brest-1.jpeg","contentUrl":"https:\/\/www.marinasbrest.fr\/wp-content\/uploads\/2022\/01\/plage-du-moulin-blanc-brest-1.jpeg","width":1800,"height":1200},{"@type":"BreadcrumbList","@id":"https:\/\/www.marinasbrest.fr\/en\/brest-tourist-break\/brest-leisure-break\/#breadcrumb","itemListElement":[{"@type":"ListItem","position":1,"name":"Accueil","item":"https:\/\/www.marinasbrest.fr\/en\/"},{"@type":"ListItem","position":2,"name":"Brest, tourist break","item":"https:\/\/www.marinasbrest.fr\/en\/brest-tourist-break\/"},{"@type":"ListItem","position":3,"name":"Brest, Leisure break"}]},{"@type":"WebSite","@id":"https:\/\/www.marinasbrest.fr\/en\/#website","url":"https:\/\/www.marinasbrest.fr\/en\/","name":"Brest Marinas","description":"Deux marinas pour votre escale dans l&#039;une des plus belles rades du Monde","publisher":{"@id":"https:\/\/www.marinasbrest.fr\/en\/#organization"},"potentialAction":[{"@type":"SearchAction","target":{"@type":"EntryPoint","urlTemplate":"https:\/\/www.marinasbrest.fr\/en\/?s={search_term_string}"},"query-input":{"@type":"PropertyValueSpecification","valueRequired":true,"valueName":"search_term_string"}}],"inLanguage":"en-US"},{"@type":"Organization","@id":"https:\/\/www.marinasbrest.fr\/en\/#organization","name":"Les Marinas de Brest","url":"https:\/\/www.marinasbrest.fr\/en\/","logo":{"@type":"ImageObject","inLanguage":"en-US","@id":"https:\/\/www.marinasbrest.fr\/en\/#\/schema\/logo\/image\/","url":"https:\/\/www.marinasbrest.fr\/wp-content\/uploads\/2021\/11\/logo.png","contentUrl":"https:\/\/www.marinasbrest.fr\/wp-content\/uploads\/2021\/11\/logo.png","width":484,"height":484,"caption":"Les Marinas de Brest"},"image":{"@id":"https:\/\/www.marinasbrest.fr\/en\/#\/schema\/logo\/image\/"},"sameAs":["https:\/\/www.facebook.com\/marinasbrest\/"]}]}},"_links":{"self":[{"href":"https:\/\/www.marinasbrest.fr\/en\/wp-json\/wp\/v2\/pages\/5114","targetHints":{"allow":["GET"]}}],"collection":[{"href":"https:\/\/www.marinasbrest.fr\/en\/wp-json\/wp\/v2\/pages"}],"about":[{"href":"https:\/\/www.marinasbrest.fr\/en\/wp-json\/wp\/v2\/types\/page"}],"author":[{"embeddable":true,"href":"https:\/\/www.marinasbrest.fr\/en\/wp-json\/wp\/v2\/users\/1"}],"replies":[{"embeddable":true,"href":"https:\/\/www.marinasbrest.fr\/en\/wp-json\/wp\/v2\/comments?post=5114"}],"version-history":[{"count":3,"href":"https:\/\/www.marinasbrest.fr\/en\/wp-json\/wp\/v2\/pages\/5114\/revisions"}],"predecessor-version":[{"id":5558,"href":"https:\/\/www.marinasbrest.fr\/en\/wp-json\/wp\/v2\/pages\/5114\/revisions\/5558"}],"up":[{"embeddable":true,"href":"https:\/\/www.marinasbrest.fr\/en\/wp-json\/wp\/v2\/pages\/2393"}],"wp:featuredmedia":[{"embeddable":true,"href":"https:\/\/www.marinasbrest.fr\/en\/wp-json\/wp\/v2\/media\/1037"}],"wp:attachment":[{"href":"https:\/\/www.marinasbrest.fr\/en\/wp-json\/wp\/v2\/media?parent=5114"}],"curies":[{"name":"wp","href":"https:\/\/api.w.org\/{rel}","templated":true}]}}