{"id":137,"date":"2021-12-07T17:26:41","date_gmt":"2021-12-07T16:26:41","guid":{"rendered":"https:\/\/www.marinasbrest.fr\/?page_id=137"},"modified":"2022-12-21T16:37:21","modified_gmt":"2022-12-21T15:37:21","slug":"privacy-policy","status":"publish","type":"page","link":"https:\/\/www.marinasbrest.fr\/en\/privacy-policy\/","title":{"rendered":"Privacy policy"},"content":{"rendered":"\n<h2 class=\"wp-block-heading\" id=\"qui-sommes-nous\">Who are we?<\/h2>\n\n\n\n<p>The address of our website is: https:\/\/www.marinasbrest.fr.<\/p>\n\n\n\n<h2 class=\"wp-block-heading\">Personal data<\/h2>\n\n\n\n<p>E-mail addresses and other personal data transmitted by visitors, spectators, users and customers are intended exclusively for the use of Brest'aim, a semi-public company managing the following public facilities: Le Quartz, Le Quartz Congr\u00e8s, Brest Arena, Brest Expo, R\u00efnkla Stadium, Oc\u00e9anopolis, Moulin Blanc and Ch\u00e2teau Marinas, La Recouvrance, Brest Park and 70.8. This is to ensure the proper management of their services, to provide information about their activities and to respond to the requests of their various audiences and customers.<\/p>\n\n\n\n<h2 class=\"wp-block-heading\" id=\"commentaires\">Comments<\/h2>\n\n\n\n<p>When you leave a comment on our site, the data entered in the comment form, alongside your IP address and the user agent of your browser are collected to help us detect unwanted comments.<\/p>\n\n\n\n<p>An anonymised string created from your email address (also called a hash) can be sent to the Gravatar service to check if you are using this service. The confidentiality clauses of the Gravatar service are available here: https:\/\/automattic.com\/privacy\/. After validation of your comment, your profile photo will be publicly visible next to your comment.<\/p>\n\n\n\n<h2 class=\"wp-block-heading\" id=\"medias\">Media<\/h2>\n\n\n\n<p>If you upload images to the site, we advise you to avoid uploading images containing EXIF data including GPS coordinates. People visiting your site can download and extract location data from these images.<\/p>\n\n\n\n<h2 class=\"wp-block-heading\" id=\"formulaires-de-contact\">Contact forms<\/h2>\n\n\n\n<p>The site is likely to process your personal data (last name, first name, email address etc. that you have provided to us via a form on the site for example) in order to respond to your requests.\n<\/p>\n\n\n\n<p>In accordance with the GDPR (General Data Protection Regulation), you have the right to access, consult, rectify and withdraw your personal information.<\/p>\n\n\n\n<p>To exercise these rights, you can make your request online by filling out <a href=\"https:\/\/www.marinasbrest.fr\/en\/general-data-protection-regulation\/formulaire-rgpd-gestion-et-protection-des-donnees-personnelles\/\">this dedicated form<\/a>.<\/p>\n\n\n\n<p>It should be noted that this right to withdraw information does not take into account data stored for administrative, legal or security reasons.<\/p>\n\n\n\n<h2 class=\"wp-block-heading\" id=\"cookies\">Cookies<\/h2>\n\n\n<p><button class=\"wpca-btn-reset-consent wpca-btn wpca-btn-hide\" data-txt=\"R\u00e9initialiser les cookies\" data-txt-processing=\"...\">R\u00e9initialiser les cookies<\/button><button class=\"wpca-btn-accept wpca-btn wpca-btn-hide\" data-txt=\"J&#039;accepte les cookies\" data-txt-processing=\"...\" >J&#039;accepte les cookies<\/button> <button class=\"wpca-btn-decline wpca-btn wpca-btn-hide\" data-txt=\"Je refuse les cookies\" data-txt-processing=\"...\">Je refuse les cookies<\/button><\/p>\n\n\n\n<p>If you leave a comment on our site, you will be offered the possibility of saving your name, e-mail address and site in cookies. This is only for your convenience so that you do not have to enter this information if you leave another comment later. These cookies expire after one year.<\/p>\n\n\n\n<p>If you go to the login page, a temporary cookie will be created to determine whether your browser accepts cookies. It does not contain personal data and will be deleted automatically when you close your browser.<\/p>\n\n\n\n<p>When you log in, we will set a number of cookies to save your login details and screen preferences. The lifetime of a connection cookie is two days and that of a screen option cookie is one year. If you tick \u2018Remember me\u2019, your login cookie will be kept for two weeks. If you log out of your account, the login cookie will be erased.<\/p>\n\n\n\n<p>By editing or publishing a post, an additional cookie will be saved in your browser. This cookie does not include any personal data. It just shows the ID of the post you just edited. It expires after one day.<\/p>\n\n\n\n<h2 class=\"wp-block-heading\" id=\"contenu-embarque-depuis-d-autres-sites\">Embedded content from other sites<\/h2>\n\n\n\n<p>Articles on this site may include embedded content (for example, videos, images, articles etc.). Content embedded from other sites behaves the same as if the visitor were to visit that other site.<\/p>\n\n\n\n<p>These websites could collect data about you, use cookies, embed third-party tracking tools and track your interactions with this embedded content if you have an account connected to their website.<\/p>\n\n\n\n<h2 class=\"wp-block-heading\" id=\"utilisation-et-transmission-de-vos-donnees-personnelles\">Use and transmission of your personal data<\/h2>\n\n\n\n<p>If you request a password reset, your IP address will be included in the reset email.<\/p>\n\n\n\n<h2 class=\"wp-block-heading\" id=\"durees-de-stockage-de-vos-donnees\">Storage times for your data<\/h2>\n\n\n\n<p>If you leave a comment, the comment and its metadata are retained indefinitely. This automatically recognises and approves subsequent comments instead of leaving them in the moderation queue.<\/p>\n\n\n\n<p>For accounts that register on our site (if applicable), we also store the personal data listed in their profile. All account holders can see, modify or delete their personal information at any time (except their identifier). Site managers can also view and edit this information.<\/p>\n\n\n\n<h2 class=\"wp-block-heading\" id=\"les-droits-que-vous-avez-sur-vos-donnees\">The rights you have over your data<\/h2>\n\n\n\n<p>If you have an account or if you have left comments on the site, you can ask to receive a file containing all the personal data that we have about you, including data that you have provided to us. You can also request the deletion of personal data concerning you. This does not take into account data stored for administrative, legal or security reasons.<\/p>\n\n\n\n<h2 class=\"wp-block-heading\" id=\"transmission-de-vos-donnees-personnelles\">Transmission of your personal data<\/h2>\n\n\n\n<p>Visitor comments may be checked through an automated spam detection program.<\/p>\n","protected":false},"excerpt":{"rendered":"","protected":false},"author":1,"featured_media":0,"parent":0,"menu_order":52,"comment_status":"closed","ping_status":"open","template":"","meta":{"_acf_changed":false,"footnotes":""},"class_list":["post-137","page","type-page","status-publish","hentry"],"acf":[],"yoast_head":"<!-- This site is optimized with the Yoast SEO plugin v27.4 - https:\/\/yoast.com\/product\/yoast-seo-wordpress\/ -->\n<title>Privacy policy - Brest Marinas<\/title>\n<meta name=\"robots\" content=\"index, follow, max-snippet:-1, max-image-preview:large, max-video-preview:-1\" \/>\n<link rel=\"canonical\" href=\"https:\/\/www.marinasbrest.fr\/en\/privacy-policy\/\" \/>\n<meta property=\"og:locale\" content=\"en_US\" \/>\n<meta property=\"og:type\" content=\"article\" \/>\n<meta property=\"og:title\" content=\"Privacy policy - Brest Marinas\" \/>\n<meta property=\"og:url\" content=\"https:\/\/www.marinasbrest.fr\/en\/privacy-policy\/\" \/>\n<meta property=\"og:site_name\" content=\"Brest Marinas\" \/>\n<meta property=\"article:publisher\" content=\"https:\/\/www.facebook.com\/marinasbrest\/\" \/>\n<meta property=\"article:modified_time\" content=\"2022-12-21T15:37:21+00:00\" \/>\n<meta name=\"twitter:card\" content=\"summary_large_image\" \/>\n<meta name=\"twitter:label1\" content=\"Est. reading time\" \/>\n\t<meta name=\"twitter:data1\" content=\"4 minutes\" \/>\n<script type=\"application\/ld+json\" class=\"yoast-schema-graph\">{\"@context\":\"https:\\\/\\\/schema.org\",\"@graph\":[{\"@type\":\"WebPage\",\"@id\":\"https:\\\/\\\/www.marinasbrest.fr\\\/en\\\/privacy-policy\\\/\",\"url\":\"https:\\\/\\\/www.marinasbrest.fr\\\/en\\\/privacy-policy\\\/\",\"name\":\"Privacy policy - Brest Marinas\",\"isPartOf\":{\"@id\":\"https:\\\/\\\/www.marinasbrest.fr\\\/en\\\/#website\"},\"datePublished\":\"2021-12-07T16:26:41+00:00\",\"dateModified\":\"2022-12-21T15:37:21+00:00\",\"breadcrumb\":{\"@id\":\"https:\\\/\\\/www.marinasbrest.fr\\\/en\\\/privacy-policy\\\/#breadcrumb\"},\"inLanguage\":\"en-US\",\"potentialAction\":[{\"@type\":\"ReadAction\",\"target\":[\"https:\\\/\\\/www.marinasbrest.fr\\\/en\\\/privacy-policy\\\/\"]}]},{\"@type\":\"BreadcrumbList\",\"@id\":\"https:\\\/\\\/www.marinasbrest.fr\\\/en\\\/privacy-policy\\\/#breadcrumb\",\"itemListElement\":[{\"@type\":\"ListItem\",\"position\":1,\"name\":\"Accueil\",\"item\":\"https:\\\/\\\/www.marinasbrest.fr\\\/en\\\/\"},{\"@type\":\"ListItem\",\"position\":2,\"name\":\"Privacy policy\"}]},{\"@type\":\"WebSite\",\"@id\":\"https:\\\/\\\/www.marinasbrest.fr\\\/en\\\/#website\",\"url\":\"https:\\\/\\\/www.marinasbrest.fr\\\/en\\\/\",\"name\":\"Brest Marinas\",\"description\":\"Deux marinas pour votre escale dans l&#039;une des plus belles rades du Monde\",\"publisher\":{\"@id\":\"https:\\\/\\\/www.marinasbrest.fr\\\/en\\\/#organization\"},\"potentialAction\":[{\"@type\":\"SearchAction\",\"target\":{\"@type\":\"EntryPoint\",\"urlTemplate\":\"https:\\\/\\\/www.marinasbrest.fr\\\/en\\\/?s={search_term_string}\"},\"query-input\":{\"@type\":\"PropertyValueSpecification\",\"valueRequired\":true,\"valueName\":\"search_term_string\"}}],\"inLanguage\":\"en-US\"},{\"@type\":\"Organization\",\"@id\":\"https:\\\/\\\/www.marinasbrest.fr\\\/en\\\/#organization\",\"name\":\"Les Marinas de Brest\",\"url\":\"https:\\\/\\\/www.marinasbrest.fr\\\/en\\\/\",\"logo\":{\"@type\":\"ImageObject\",\"inLanguage\":\"en-US\",\"@id\":\"https:\\\/\\\/www.marinasbrest.fr\\\/en\\\/#\\\/schema\\\/logo\\\/image\\\/\",\"url\":\"https:\\\/\\\/www.marinasbrest.fr\\\/wp-content\\\/uploads\\\/2021\\\/11\\\/logo.png\",\"contentUrl\":\"https:\\\/\\\/www.marinasbrest.fr\\\/wp-content\\\/uploads\\\/2021\\\/11\\\/logo.png\",\"width\":484,\"height\":484,\"caption\":\"Les Marinas de Brest\"},\"image\":{\"@id\":\"https:\\\/\\\/www.marinasbrest.fr\\\/en\\\/#\\\/schema\\\/logo\\\/image\\\/\"},\"sameAs\":[\"https:\\\/\\\/www.facebook.com\\\/marinasbrest\\\/\"]}]}<\/script>\n<!-- \/ Yoast SEO plugin. -->","yoast_head_json":{"title":"Privacy policy - Brest Marinas","robots":{"index":"index","follow":"follow","max-snippet":"max-snippet:-1","max-image-preview":"max-image-preview:large","max-video-preview":"max-video-preview:-1"},"canonical":"https:\/\/www.marinasbrest.fr\/en\/privacy-policy\/","og_locale":"en_US","og_type":"article","og_title":"Privacy policy - Brest Marinas","og_url":"https:\/\/www.marinasbrest.fr\/en\/privacy-policy\/","og_site_name":"Brest Marinas","article_publisher":"https:\/\/www.facebook.com\/marinasbrest\/","article_modified_time":"2022-12-21T15:37:21+00:00","twitter_card":"summary_large_image","twitter_misc":{"Est. reading time":"4 minutes"},"schema":{"@context":"https:\/\/schema.org","@graph":[{"@type":"WebPage","@id":"https:\/\/www.marinasbrest.fr\/en\/privacy-policy\/","url":"https:\/\/www.marinasbrest.fr\/en\/privacy-policy\/","name":"Privacy policy - Brest Marinas","isPartOf":{"@id":"https:\/\/www.marinasbrest.fr\/en\/#website"},"datePublished":"2021-12-07T16:26:41+00:00","dateModified":"2022-12-21T15:37:21+00:00","breadcrumb":{"@id":"https:\/\/www.marinasbrest.fr\/en\/privacy-policy\/#breadcrumb"},"inLanguage":"en-US","potentialAction":[{"@type":"ReadAction","target":["https:\/\/www.marinasbrest.fr\/en\/privacy-policy\/"]}]},{"@type":"BreadcrumbList","@id":"https:\/\/www.marinasbrest.fr\/en\/privacy-policy\/#breadcrumb","itemListElement":[{"@type":"ListItem","position":1,"name":"Accueil","item":"https:\/\/www.marinasbrest.fr\/en\/"},{"@type":"ListItem","position":2,"name":"Privacy policy"}]},{"@type":"WebSite","@id":"https:\/\/www.marinasbrest.fr\/en\/#website","url":"https:\/\/www.marinasbrest.fr\/en\/","name":"Brest Marinas","description":"Deux marinas pour votre escale dans l&#039;une des plus belles rades du Monde","publisher":{"@id":"https:\/\/www.marinasbrest.fr\/en\/#organization"},"potentialAction":[{"@type":"SearchAction","target":{"@type":"EntryPoint","urlTemplate":"https:\/\/www.marinasbrest.fr\/en\/?s={search_term_string}"},"query-input":{"@type":"PropertyValueSpecification","valueRequired":true,"valueName":"search_term_string"}}],"inLanguage":"en-US"},{"@type":"Organization","@id":"https:\/\/www.marinasbrest.fr\/en\/#organization","name":"Les Marinas de Brest","url":"https:\/\/www.marinasbrest.fr\/en\/","logo":{"@type":"ImageObject","inLanguage":"en-US","@id":"https:\/\/www.marinasbrest.fr\/en\/#\/schema\/logo\/image\/","url":"https:\/\/www.marinasbrest.fr\/wp-content\/uploads\/2021\/11\/logo.png","contentUrl":"https:\/\/www.marinasbrest.fr\/wp-content\/uploads\/2021\/11\/logo.png","width":484,"height":484,"caption":"Les Marinas de Brest"},"image":{"@id":"https:\/\/www.marinasbrest.fr\/en\/#\/schema\/logo\/image\/"},"sameAs":["https:\/\/www.facebook.com\/marinasbrest\/"]}]}},"_links":{"self":[{"href":"https:\/\/www.marinasbrest.fr\/en\/wp-json\/wp\/v2\/pages\/137","targetHints":{"allow":["GET"]}}],"collection":[{"href":"https:\/\/www.marinasbrest.fr\/en\/wp-json\/wp\/v2\/pages"}],"about":[{"href":"https:\/\/www.marinasbrest.fr\/en\/wp-json\/wp\/v2\/types\/page"}],"author":[{"embeddable":true,"href":"https:\/\/www.marinasbrest.fr\/en\/wp-json\/wp\/v2\/users\/1"}],"replies":[{"embeddable":true,"href":"https:\/\/www.marinasbrest.fr\/en\/wp-json\/wp\/v2\/comments?post=137"}],"version-history":[{"count":3,"href":"https:\/\/www.marinasbrest.fr\/en\/wp-json\/wp\/v2\/pages\/137\/revisions"}],"predecessor-version":[{"id":5378,"href":"https:\/\/www.marinasbrest.fr\/en\/wp-json\/wp\/v2\/pages\/137\/revisions\/5378"}],"wp:attachment":[{"href":"https:\/\/www.marinasbrest.fr\/en\/wp-json\/wp\/v2\/media?parent=137"}],"curies":[{"name":"wp","href":"https:\/\/api.w.org\/{rel}","templated":true}]}}